{"id":2939,"date":"2024-12-01T05:33:30","date_gmt":"2024-12-01T05:33:30","guid":{"rendered":"http:\/\/192.168.0.134:10017\/?page_id=2939"},"modified":"2025-10-07T09:20:56","modified_gmt":"2025-10-07T07:20:56","slug":"case-study","status":"publish","type":"page","link":"https:\/\/fu-trans.pl\/?page_id=2939","title":{"rendered":"Us\u0142ugi"},"content":{"rendered":"\t\t<div data-elementor-type=\"wp-page\" data-elementor-id=\"2939\" class=\"elementor elementor-2939\" data-elementor-post-type=\"page\">\n\t\t\t\t<div class=\"no-position  elementor-element elementor-element-ab91bc0 e-con-full page-banner e-flex e-con e-parent\" data-id=\"ab91bc0\" data-element_type=\"container\" data-settings=\"{&quot;background_background&quot;:&quot;classic&quot;}\">\n\t\t\t\t<div class=\"elementor-element elementor-element-58340f0 gsap-move-no rs-tween_max_btn-no elementor-widget elementor-widget-page-title\" data-id=\"58340f0\" data-element_type=\"widget\" data-settings=\"{&quot;align&quot;:&quot;left&quot;}\" data-widget_type=\"page-title.default\">\n\t\t\t\t<div class=\"elementor-widget-container\">\n\t\t\t\t\t\t\t\n\t\t<div class=\"hfe-page-title hfe-page-title-wrapper elementor-widget-heading\">\n\t\t\t\n\t\t\t<h1 class=\"elementor-heading-title elementor-size\">\n\t\t\t\tUs\u0142ugi\t\t\t<\/h1 > \n\n\t\t\t\t\t\t\t\t<\/div>\n\t\t\t\t\t\t<\/div>\n\t\t\t\t<\/div>\n\t\t\t\t<\/div>\n\t\t<div class=\"no-position  elementor-element elementor-element-c9a82d8 e-flex e-con-boxed e-con e-parent\" data-id=\"c9a82d8\" data-element_type=\"container\" data-settings=\"{&quot;background_background&quot;:&quot;classic&quot;,&quot;shape_divider_top&quot;:&quot;wave-brush&quot;,&quot;shape_divider_bottom&quot;:&quot;zigzag&quot;}\">\n\t\t\t\t\t<div class=\"e-con-inner\">\n\t\t\t\t<div class=\"elementor-shape elementor-shape-top\" aria-hidden=\"true\" data-negative=\"false\">\n\t\t\t<svg xmlns=\"http:\/\/www.w3.org\/2000\/svg\" viewBox=\"0 0 283.5 27.8\" preserveAspectRatio=\"none\">\n\t<path class=\"elementor-shape-fill\" d=\"M283.5,9.7c0,0-7.3,4.3-14,4.6c-6.8,0.3-12.6,0-20.9-1.5c-11.3-2-33.1-10.1-44.7-5.7\ts-12.1,4.6-18,7.4c-6.6,3.2-20,9.6-36.6,9.3C131.6,23.5,99.5,7.2,86.3,8c-1.4,0.1-6.6,0.8-10.5,2c-3.8,1.2-9.4,3.8-17,4.7\tc-3.2,0.4-8.3,1.1-14.2,0.9c-1.5-0.1-6.3-0.4-12-1.6c-5.7-1.2-11-3.1-15.8-3.7C6.5,9.2,0,10.8,0,10.8V0h283.5V9.7z M260.8,11.3\tc-0.7-1-2-0.4-4.3-0.4c-2.3,0-6.1-1.2-5.8-1.1c0.3,0.1,3.1,1.5,6,1.9C259.7,12.2,261.4,12.3,260.8,11.3z M242.4,8.6\tc0,0-2.4-0.2-5.6-0.9c-3.2-0.8-10.3-2.8-15.1-3.5c-8.2-1.1-15.8,0-15.1,0.1c0.8,0.1,9.6-0.6,17.6,1.1c3.3,0.7,9.3,2.2,12.4,2.7\tC239.9,8.7,242.4,8.6,242.4,8.6z M185.2,8.5c1.7-0.7-13.3,4.7-18.5,6.1c-2.1,0.6-6.2,1.6-10,2c-3.9,0.4-8.9,0.4-8.8,0.5\tc0,0.2,5.8,0.8,11.2,0c5.4-0.8,5.2-1.1,7.6-1.6C170.5,14.7,183.5,9.2,185.2,8.5z M199.1,6.9c0.2,0-0.8-0.4-4.8,1.1\tc-4,1.5-6.7,3.5-6.9,3.7c-0.2,0.1,3.5-1.8,6.6-3C197,7.5,199,6.9,199.1,6.9z M283,6c-0.1,0.1-1.9,1.1-4.8,2.5s-6.9,2.8-6.7,2.7\tc0.2,0,3.5-0.6,7.4-2.5C282.8,6.8,283.1,5.9,283,6z M31.3,11.6c0.1-0.2-1.9-0.2-4.5-1.2s-5.4-1.6-7.8-2C15,7.6,7.3,8.5,7.7,8.6\tC8,8.7,15.9,8.3,20.2,9.3c2.2,0.5,2.4,0.5,5.7,1.6S31.2,11.9,31.3,11.6z M73,9.2c0.4-0.1,3.5-1.6,8.4-2.6c4.9-1.1,8.9-0.5,8.9-0.8\tc0-0.3-1-0.9-6.2-0.3S72.6,9.3,73,9.2z M71.6,6.7C71.8,6.8,75,5.4,77.3,5c2.3-0.3,1.9-0.5,1.9-0.6c0-0.1-1.1-0.2-2.7,0.2\tC74.8,5.1,71.4,6.6,71.6,6.7z M93.6,4.4c0.1,0.2,3.5,0.8,5.6,1.8c2.1,1,1.8,0.6,1.9,0.5c0.1-0.1-0.8-0.8-2.4-1.3\tC97.1,4.8,93.5,4.2,93.6,4.4z M65.4,11.1c-0.1,0.3,0.3,0.5,1.9-0.2s2.6-1.3,2.2-1.2s-0.9,0.4-2.5,0.8C65.3,10.9,65.5,10.8,65.4,11.1\tz M34.5,12.4c-0.2,0,2.1,0.8,3.3,0.9c1.2,0.1,2,0.1,2-0.2c0-0.3-0.1-0.5-1.6-0.4C36.6,12.8,34.7,12.4,34.5,12.4z M152.2,21.1\tc-0.1,0.1-2.4-0.3-7.5-0.3c-5,0-13.6-2.4-17.2-3.5c-3.6-1.1,10,3.9,16.5,4.1C150.5,21.6,152.3,21,152.2,21.1z\"\/>\n\t<path class=\"elementor-shape-fill\" d=\"M269.6,18c-0.1-0.1-4.6,0.3-7.2,0c-7.3-0.7-17-3.2-16.6-2.9c0.4,0.3,13.7,3.1,17,3.3\tC267.7,18.8,269.7,18,269.6,18z\"\/>\n\t<path class=\"elementor-shape-fill\" d=\"M227.4,9.8c-0.2-0.1-4.5-1-9.5-1.2c-5-0.2-12.7,0.6-12.3,0.5c0.3-0.1,5.9-1.8,13.3-1.2\tS227.6,9.9,227.4,9.8z\"\/>\n\t<path class=\"elementor-shape-fill\" d=\"M204.5,13.4c-0.1-0.1,2-1,3.2-1.1c1.2-0.1,2,0,2,0.3c0,0.3-0.1,0.5-1.6,0.4\tC206.4,12.9,204.6,13.5,204.5,13.4z\"\/>\n\t<path class=\"elementor-shape-fill\" d=\"M201,10.6c0-0.1-4.4,1.2-6.3,2.2c-1.9,0.9-6.2,3.1-6.1,3.1c0.1,0.1,4.2-1.6,6.3-2.6\tS201,10.7,201,10.6z\"\/>\n\t<path class=\"elementor-shape-fill\" d=\"M154.5,26.7c-0.1-0.1-4.6,0.3-7.2,0c-7.3-0.7-17-3.2-16.6-2.9c0.4,0.3,13.7,3.1,17,3.3\tC152.6,27.5,154.6,26.8,154.5,26.7z\"\/>\n\t<path class=\"elementor-shape-fill\" d=\"M41.9,19.3c0,0,1.2-0.3,2.9-0.1c1.7,0.2,5.8,0.9,8.2,0.7c4.2-0.4,7.4-2.7,7-2.6\tc-0.4,0-4.3,2.2-8.6,1.9c-1.8-0.1-5.1-0.5-6.7-0.4S41.9,19.3,41.9,19.3z\"\/>\n\t<path class=\"elementor-shape-fill\" d=\"M75.5,12.6c0.2,0.1,2-0.8,4.3-1.1c2.3-0.2,2.1-0.3,2.1-0.5c0-0.1-1.8-0.4-3.4,0\tC76.9,11.5,75.3,12.5,75.5,12.6z\"\/>\n\t<path class=\"elementor-shape-fill\" d=\"M15.6,13.2c0-0.1,4.3,0,6.7,0.5c2.4,0.5,5,1.9,5,2c0,0.1-2.7-0.8-5.1-1.4\tC19.9,13.7,15.7,13.3,15.6,13.2z\"\/>\n<\/svg>\t\t<\/div>\n\t\t\t\t<div class=\"elementor-shape elementor-shape-bottom\" aria-hidden=\"true\" data-negative=\"false\">\n\t\t\t<svg xmlns=\"http:\/\/www.w3.org\/2000\/svg\" viewBox=\"0 0 1800 5.8\" preserveAspectRatio=\"none\">\n  <path class=\"elementor-shape-fill\" d=\"M5.4.4l5.4 5.3L16.5.4l5.4 5.3L27.5.4 33 5.7 38.6.4l5.5 5.4h.1L49.9.4l5.4 5.3L60.9.4l5.5 5.3L72 .4l5.5 5.3L83.1.4l5.4 5.3L94.1.4l5.5 5.4h.2l5.6-5.4 5.5 5.3 5.6-5.3 5.4 5.3 5.6-5.3 5.5 5.3 5.6-5.3 5.5 5.4h.2l5.6-5.4 5.4 5.3L161 .4l5.4 5.3L172 .4l5.5 5.3 5.6-5.3 5.4 5.3 5.7-5.3 5.4 5.4h.2l5.6-5.4 5.5 5.3 5.6-5.3 5.5 5.3 5.6-5.3 5.4 5.3 5.6-5.3 5.5 5.4h.2l5.6-5.4 5.5 5.3L261 .4l5.4 5.3L272 .4l5.5 5.3 5.6-5.3 5.5 5.3 5.6-5.3 5.5 5.4h.1l5.7-5.4 5.4 5.3 5.6-5.3 5.5 5.3 5.6-5.3 5.4 5.3 5.7-5.3 5.4 5.4h.2l5.6-5.4 5.5 5.3L361 .4l5.5 5.3 5.6-5.3 5.4 5.3 5.6-5.3 5.5 5.3 5.6-5.3 5.5 5.4h.1l5.7-5.4 5.4 5.3 5.6-5.3 5.5 5.3 5.6-5.3 5.5 5.3 5.6-5.3 5.5 5.4h.1l5.6-5.4 5.5 5.3L461 .4l5.5 5.3 5.6-5.3 5.4 5.3 5.7-5.3 5.4 5.3 5.6-5.3 5.5 5.4h.2l5.6-5.4 5.5 5.3 5.6-5.3 5.4 5.3 5.6-5.3 5.5 5.3 5.6-5.3 5.5 5.4h.1L550 .4l5.4 5.3L561 .4l5.5 5.3 5.6-5.3 5.5 5.3 5.6-5.3 5.4 5.3 5.6-5.3 5.5 5.4h.2l5.6-5.4 5.5 5.3 5.6-5.3 5.4 5.3 5.7-5.3 5.4 5.3 5.6-5.3 5.5 5.4h.2L650 .4l5.5 5.3 5.6-5.3 5.4 5.3 5.6-5.3 5.5 5.3 5.6-5.3 5.5 5.3 5.6-5.3 5.4 5.4h.2l5.6-5.4 5.5 5.3 5.6-5.3 5.5 5.3 5.6-5.3 5.4 5.3 5.6-5.3 5.5 5.4h.2L750 .4l5.5 5.3 5.6-5.3 5.4 5.3 5.7-5.3 5.4 5.3 5.6-5.3 5.5 5.3 5.6-5.3 5.5 5.4h.1l5.7-5.4 5.4 5.3 5.6-5.3 5.5 5.3 5.6-5.3 5.5 5.3 5.6-5.3 5.4 5.4h.2L850 .4l5.5 5.3 5.6-5.3 5.5 5.3 5.6-5.3 5.4 5.3 5.6-5.3 5.5 5.3 5.6-5.3 5.5 5.4h.2l5.6-5.4 5.4 5.3 5.7-5.3 5.4 5.3 5.6-5.3 5.5 5.3 5.6-5.3 5.5 5.4h.1l5.7-5.4 5.4 5.3 5.6-5.3 5.5 5.3 5.6-5.3 5.5 5.3 5.6-5.3 5.4 5.3 5.6-5.3 5.5 5.4h.2l5.6-5.4 5.5 5.3 5.6-5.3 5.4 5.3 5.6-5.3 5.5 5.3 5.6-5.3 5.5 5.4h.2l5.6-5.4 5.4 5.3 5.7-5.3 5.4 5.3 5.6-5.3 5.5 5.3 5.6-5.3 5.5 5.3 5.6-5.3 5.4 5.4h.2l5.6-5.4 5.5 5.3 5.6-5.3 5.5 5.3 5.6-5.3 5.4 5.3 5.6-5.3 5.5 5.4h.2l5.6-5.4 5.5 5.3 5.6-5.3 5.4 5.3 5.6-5.3 5.5 5.3 5.6-5.3 5.5 5.3 5.6-5.3 5.5 5.4h.1l5.7-5.4 5.4 5.3 5.6-5.3 5.5 5.3 5.6-5.3 5.5 5.3 5.6-5.3 5.4 5.4h.2l5.6-5.4 5.5 5.3 5.6-5.3 5.5 5.3 5.6-5.3 5.4 5.3 5.6-5.3 5.5 5.3 5.6-5.3 5.5 5.4h.2l5.6-5.4 5.4 5.3 5.6-5.3 5.5 5.3 5.6-5.3 5.5 5.3 5.6-5.3 5.5 5.4h.1l5.7-5.4 5.4 5.3 5.6-5.3 5.5 5.3 5.6-5.3 5.5 5.3 5.6-5.3 5.4 5.3 5.6-5.3 5.5 5.4h.2l5.6-5.4 5.5 5.3 5.6-5.3 5.4 5.3 5.6-5.3 5.5 5.3 5.6-5.3 5.5 5.4h.2l5.6-5.4 5.4 5.3 5.6-5.3 5.5 5.3 5.6-5.3 5.5 5.3 5.6-5.3 5.4 5.3 5.7-5.3 5.4 5.4h.2l5.6-5.4 5.5 5.3 5.6-5.3 5.5 5.3 5.6-5.3 5.4 5.3 5.6-5.3 5.5 5.4h.2l5.6-5.4 5.5 5.3 5.6-5.3 5.4 5.3 5.6-5.3 5.5 5.3 5.6-5.3 5.5 5.3 5.6-5.3 5.5 5.4h.1l5.6-5.4 5.5 5.3 5.6-5.3 5.5 5.3 5.6-5.3 5.4 5.3 5.7-5.3 5.4 5.4h.2l5.6-5.4 5.5 5.3 5.6-5.3 5.5 5.3 5.6-5.3 5.4 5.3 5.6-5.3 5.5 5.3 5.6-5.3 5.5 5.4h.1l5.7-5.4 5.4 5.3 5.6-5.3 5.5 5.3 5.6-5.3 5.5 5.3 5.6-5.3 5.5 5.4h.1l5.6-5.4 5.5 5.3 5.6-5.3 5.5 5.3 5.6-5.3 5.4 5.3 5.7-5.3 5.4 5.3 5.6-5.3 5.5 5.4V0H-.2v5.8z\"\/>\n<\/svg>\n\t\t<\/div>\n\t\t\t\t<div class=\"elementor-element elementor-element-589ac66 elementor-widget__width-inherit e-transform gsap-move-no rs-tween_max_btn-no elementor-widget elementor-widget-rs-divider\" data-id=\"589ac66\" data-element_type=\"widget\" data-settings=\"{&quot;_transform_translateY_effect&quot;:{&quot;unit&quot;:&quot;px&quot;,&quot;size&quot;:140,&quot;sizes&quot;:[]},&quot;_transform_translateX_effect&quot;:{&quot;unit&quot;:&quot;px&quot;,&quot;size&quot;:&quot;&quot;,&quot;sizes&quot;:[]},&quot;_transform_translateX_effect_laptop&quot;:{&quot;unit&quot;:&quot;px&quot;,&quot;size&quot;:&quot;&quot;,&quot;sizes&quot;:[]},&quot;_transform_translateX_effect_tablet&quot;:{&quot;unit&quot;:&quot;px&quot;,&quot;size&quot;:&quot;&quot;,&quot;sizes&quot;:[]},&quot;_transform_translateX_effect_mobile&quot;:{&quot;unit&quot;:&quot;px&quot;,&quot;size&quot;:&quot;&quot;,&quot;sizes&quot;:[]},&quot;_transform_translateY_effect_laptop&quot;:{&quot;unit&quot;:&quot;px&quot;,&quot;size&quot;:&quot;&quot;,&quot;sizes&quot;:[]},&quot;_transform_translateY_effect_tablet&quot;:{&quot;unit&quot;:&quot;px&quot;,&quot;size&quot;:&quot;&quot;,&quot;sizes&quot;:[]},&quot;_transform_translateY_effect_mobile&quot;:{&quot;unit&quot;:&quot;px&quot;,&quot;size&quot;:&quot;&quot;,&quot;sizes&quot;:[]}}\" data-widget_type=\"rs-divider.default\">\n\t\t\t\t<div class=\"elementor-widget-container\">\n\t\t\t\t\t\n\t\t<div class=\"rs-divider\"> <\/div>\n\n\t\t\t\t\t<\/div>\n\t\t\t\t<\/div>\n\t\t\t\t<div class=\"elementor-element elementor-element-2fc31d0 elementor-widget__width-inherit gsap-move-no rs-tween_max_btn-no elementor-widget elementor-widget-rsportfolio-filter\" data-id=\"2fc31d0\" data-element_type=\"widget\" data-widget_type=\"rsportfolio-filter.default\">\n\t\t\t\t<div class=\"elementor-widget-container\">\n\t\t\t\t\t\t\t<div class=\"portfolio-filter rs-portfolio-style9 rsaddon_pro_box rs-portfolios9\">\n\n\t\t\t\t\t\t<div class=\"row grid \">\n\t\t\t    \t\r\n\t<div class=\"col-lg-6 col-md-6 grid-item filter_transport \">\r\n\t\t\r\n\t\t<div class=\"portfolio-item content-overlay yes\">\r\n\t\t\t<span>01 <\/span>\r\n\t\t\t                <div class=\"portfolio-img\">\r\n                \t<a href=\"https:\/\/fu-trans.pl\/?portfolios=flexible-road-services\">\r\n\t\t\t\t\t\t<img fetchpriority=\"high\" decoding=\"async\" width=\"1600\" height=\"1200\" src=\"https:\/\/fu-trans.pl\/wp-content\/uploads\/2025\/10\/PHOTO-2025-09-20-13-31-00.jpg\" class=\"attachment-full size-full\" alt=\"PHOTO-2025-09-20-13-31-00\" srcset=\"https:\/\/fu-trans.pl\/wp-content\/uploads\/2025\/10\/PHOTO-2025-09-20-13-31-00.jpg 1600w, https:\/\/fu-trans.pl\/wp-content\/uploads\/2025\/10\/PHOTO-2025-09-20-13-31-00-300x225.jpg 300w, https:\/\/fu-trans.pl\/wp-content\/uploads\/2025\/10\/PHOTO-2025-09-20-13-31-00-1024x768.jpg 1024w, https:\/\/fu-trans.pl\/wp-content\/uploads\/2025\/10\/PHOTO-2025-09-20-13-31-00-768x576.jpg 768w, https:\/\/fu-trans.pl\/wp-content\/uploads\/2025\/10\/PHOTO-2025-09-20-13-31-00-1536x1152.jpg 1536w\" sizes=\"(max-width: 1600px) 100vw, 1600px\" \/>\t\t\t\t\t<\/a>\r\n                <\/div>\r\n            \t\t\t            <div class=\"portfolio-content\">\r\n                <div class=\"portfolio-inner\">\r\n\t\t\t\t\t<p class=\"p-category\"> <a href=\"https:\/\/fu-trans.pl\/?portfolios-category=transport\" rel=\"tag\">transport<\/a><\/p>                \t                \t\t<h3 class=\"p-title\"><a href=\"https:\/\/fu-trans.pl\/?portfolios=flexible-road-services\">Transport do 3,5 tony<\/a><\/h3>\r\n                \t                \t\r\n\t\t\t\t\t<a href=\"https:\/\/fu-trans.pl\/?portfolios=flexible-road-services\" class=\"link7\">\r\n\t\t\t\t\t\twi\u0119cej\t\t\t\t\t\t<svg xmlns=\"http:\/\/www.w3.org\/2000\/svg\" width=\"64px\" height=\"64px\" viewBox=\"0 0 24 24\" fill=\"none\" stroke=\"#ffffff\"><g id=\"SVGRepo_bgCarrier\" stroke-width=\"0\"><\/g><g id=\"SVGRepo_tracerCarrier\" stroke-linecap=\"round\" stroke-linejoin=\"round\"><\/g><g id=\"SVGRepo_iconCarrier\"><path d=\"M14.5 9.5L9 15\" stroke=\"#323232\" stroke-width=\"2\" stroke-linecap=\"round\" stroke-linejoin=\"round\"><\/path><path d=\"M10 9H14.6717C14.853 9 15 9.14703 15 9.32837V14\" stroke=\"#323232\" stroke-width=\"2\" stroke-linecap=\"round\" stroke-linejoin=\"round\"><\/path><\/g><\/svg>\t\t\t\t\t<\/a>\r\n                <\/div>\r\n            <\/div>\r\n        <\/div>\r\n\t<\/div>\r\n\t\t\r\n\t<div class=\"col-lg-6 col-md-6 grid-item filter_przeprowadzki \">\r\n\t\t\r\n\t\t<div class=\"portfolio-item content-overlay yes\">\r\n\t\t\t<span>02 <\/span>\r\n\t\t\t                <div class=\"portfolio-img\">\r\n                \t<a href=\"https:\/\/fu-trans.pl\/?portfolios=flexible-cargo-services\">\r\n\t\t\t\t\t\t<img decoding=\"async\" width=\"1200\" height=\"1600\" src=\"https:\/\/fu-trans.pl\/wp-content\/uploads\/2025\/10\/PHOTO-2025-09-20-13-31-01.jpg\" class=\"attachment-full size-full\" alt=\"PHOTO-2025-09-20-13-31-01\" srcset=\"https:\/\/fu-trans.pl\/wp-content\/uploads\/2025\/10\/PHOTO-2025-09-20-13-31-01.jpg 1200w, https:\/\/fu-trans.pl\/wp-content\/uploads\/2025\/10\/PHOTO-2025-09-20-13-31-01-225x300.jpg 225w, https:\/\/fu-trans.pl\/wp-content\/uploads\/2025\/10\/PHOTO-2025-09-20-13-31-01-768x1024.jpg 768w, https:\/\/fu-trans.pl\/wp-content\/uploads\/2025\/10\/PHOTO-2025-09-20-13-31-01-1152x1536.jpg 1152w\" sizes=\"(max-width: 1200px) 100vw, 1200px\" \/>\t\t\t\t\t<\/a>\r\n                <\/div>\r\n            \t\t\t            <div class=\"portfolio-content\">\r\n                <div class=\"portfolio-inner\">\r\n\t\t\t\t\t<p class=\"p-category\"> <a href=\"https:\/\/fu-trans.pl\/?portfolios-category=przeprowadzki\" rel=\"tag\">przeprowadzki<\/a><\/p>                \t                \t\t<h3 class=\"p-title\"><a href=\"https:\/\/fu-trans.pl\/?portfolios=flexible-cargo-services\">Przeprowadzki<\/a><\/h3>\r\n                \t                \t\r\n\t\t\t\t\t<a href=\"https:\/\/fu-trans.pl\/?portfolios=flexible-cargo-services\" class=\"link7\">\r\n\t\t\t\t\t\twi\u0119cej\t\t\t\t\t\t<svg xmlns=\"http:\/\/www.w3.org\/2000\/svg\" width=\"64px\" height=\"64px\" viewBox=\"0 0 24 24\" fill=\"none\" stroke=\"#ffffff\"><g id=\"SVGRepo_bgCarrier\" stroke-width=\"0\"><\/g><g id=\"SVGRepo_tracerCarrier\" stroke-linecap=\"round\" stroke-linejoin=\"round\"><\/g><g id=\"SVGRepo_iconCarrier\"><path d=\"M14.5 9.5L9 15\" stroke=\"#323232\" stroke-width=\"2\" stroke-linecap=\"round\" stroke-linejoin=\"round\"><\/path><path d=\"M10 9H14.6717C14.853 9 15 9.14703 15 9.32837V14\" stroke=\"#323232\" stroke-width=\"2\" stroke-linecap=\"round\" stroke-linejoin=\"round\"><\/path><\/g><\/svg>\t\t\t\t\t<\/a>\r\n                <\/div>\r\n            <\/div>\r\n        <\/div>\r\n\t<\/div>\r\n\t\t\r\n\t<div class=\"col-lg-6 col-md-6 grid-item filter_usuwanie-ekspozycji \">\r\n\t\t\r\n\t\t<div class=\"portfolio-item content-overlay yes\">\r\n\t\t\t<span>03 <\/span>\r\n\t\t\t                <div class=\"portfolio-img\">\r\n                \t<a href=\"https:\/\/fu-trans.pl\/?portfolios=flexible-freight-services-3\">\r\n\t\t\t\t\t\t<img decoding=\"async\" width=\"2560\" height=\"1707\" src=\"https:\/\/fu-trans.pl\/wp-content\/uploads\/2025\/10\/pexels-bertellifotografia-17109099-scaled.jpg\" class=\"attachment-full size-full\" alt=\"pexels-bertellifotografia-17109099\" srcset=\"https:\/\/fu-trans.pl\/wp-content\/uploads\/2025\/10\/pexels-bertellifotografia-17109099-scaled.jpg 2560w, https:\/\/fu-trans.pl\/wp-content\/uploads\/2025\/10\/pexels-bertellifotografia-17109099-300x200.jpg 300w, https:\/\/fu-trans.pl\/wp-content\/uploads\/2025\/10\/pexels-bertellifotografia-17109099-1024x683.jpg 1024w, https:\/\/fu-trans.pl\/wp-content\/uploads\/2025\/10\/pexels-bertellifotografia-17109099-768x512.jpg 768w, https:\/\/fu-trans.pl\/wp-content\/uploads\/2025\/10\/pexels-bertellifotografia-17109099-1536x1024.jpg 1536w, https:\/\/fu-trans.pl\/wp-content\/uploads\/2025\/10\/pexels-bertellifotografia-17109099-2048x1365.jpg 2048w\" sizes=\"(max-width: 2560px) 100vw, 2560px\" \/>\t\t\t\t\t<\/a>\r\n                <\/div>\r\n            \t\t\t            <div class=\"portfolio-content\">\r\n                <div class=\"portfolio-inner\">\r\n\t\t\t\t\t<p class=\"p-category\"> <a href=\"https:\/\/fu-trans.pl\/?portfolios-category=usuwanie-ekspozycji\" rel=\"tag\">Usuwanie ekspozycji<\/a><\/p>                \t                \t\t<h3 class=\"p-title\"><a href=\"https:\/\/fu-trans.pl\/?portfolios=flexible-freight-services-3\">Usuwanie ekspozycji<\/a><\/h3>\r\n                \t                \t\r\n\t\t\t\t\t<a href=\"https:\/\/fu-trans.pl\/?portfolios=flexible-freight-services-3\" class=\"link7\">\r\n\t\t\t\t\t\twi\u0119cej\t\t\t\t\t\t<svg xmlns=\"http:\/\/www.w3.org\/2000\/svg\" width=\"64px\" height=\"64px\" viewBox=\"0 0 24 24\" fill=\"none\" stroke=\"#ffffff\"><g id=\"SVGRepo_bgCarrier\" stroke-width=\"0\"><\/g><g id=\"SVGRepo_tracerCarrier\" stroke-linecap=\"round\" stroke-linejoin=\"round\"><\/g><g id=\"SVGRepo_iconCarrier\"><path d=\"M14.5 9.5L9 15\" stroke=\"#323232\" stroke-width=\"2\" stroke-linecap=\"round\" stroke-linejoin=\"round\"><\/path><path d=\"M10 9H14.6717C14.853 9 15 9.14703 15 9.32837V14\" stroke=\"#323232\" stroke-width=\"2\" stroke-linecap=\"round\" stroke-linejoin=\"round\"><\/path><\/g><\/svg>\t\t\t\t\t<\/a>\r\n                <\/div>\r\n            <\/div>\r\n        <\/div>\r\n\t<\/div>\r\n\t\t\r\n\t<div class=\"col-lg-6 col-md-6 grid-item filter_oproznanie-lokali \">\r\n\t\t\r\n\t\t<div class=\"portfolio-item content-overlay yes\">\r\n\t\t\t<span>04 <\/span>\r\n\t\t\t                <div class=\"portfolio-img\">\r\n                \t<a href=\"https:\/\/fu-trans.pl\/?portfolios=flexible-freight-services-2\">\r\n\t\t\t\t\t\t<img loading=\"lazy\" decoding=\"async\" width=\"2560\" height=\"1707\" src=\"https:\/\/fu-trans.pl\/wp-content\/uploads\/2025\/10\/pexels-bertellifotografia-7163611-scaled.jpg\" class=\"attachment-full size-full\" alt=\"pexels-bertellifotografia-7163611\" srcset=\"https:\/\/fu-trans.pl\/wp-content\/uploads\/2025\/10\/pexels-bertellifotografia-7163611-scaled.jpg 2560w, https:\/\/fu-trans.pl\/wp-content\/uploads\/2025\/10\/pexels-bertellifotografia-7163611-300x200.jpg 300w, https:\/\/fu-trans.pl\/wp-content\/uploads\/2025\/10\/pexels-bertellifotografia-7163611-1024x683.jpg 1024w, https:\/\/fu-trans.pl\/wp-content\/uploads\/2025\/10\/pexels-bertellifotografia-7163611-768x512.jpg 768w, https:\/\/fu-trans.pl\/wp-content\/uploads\/2025\/10\/pexels-bertellifotografia-7163611-1536x1024.jpg 1536w, https:\/\/fu-trans.pl\/wp-content\/uploads\/2025\/10\/pexels-bertellifotografia-7163611-2048x1365.jpg 2048w\" sizes=\"(max-width: 2560px) 100vw, 2560px\" \/>\t\t\t\t\t<\/a>\r\n                <\/div>\r\n            \t\t\t            <div class=\"portfolio-content\">\r\n                <div class=\"portfolio-inner\">\r\n\t\t\t\t\t<p class=\"p-category\"> <a href=\"https:\/\/fu-trans.pl\/?portfolios-category=oproznanie-lokali\" rel=\"tag\">opr\u00f3\u017cnanie lokali<\/a><\/p>                \t                \t\t<h3 class=\"p-title\"><a href=\"https:\/\/fu-trans.pl\/?portfolios=flexible-freight-services-2\">Opr\u00f3\u017cnianie lokali<\/a><\/h3>\r\n                \t                \t\r\n\t\t\t\t\t<a href=\"https:\/\/fu-trans.pl\/?portfolios=flexible-freight-services-2\" class=\"link7\">\r\n\t\t\t\t\t\twi\u0119cej\t\t\t\t\t\t<svg xmlns=\"http:\/\/www.w3.org\/2000\/svg\" width=\"64px\" height=\"64px\" viewBox=\"0 0 24 24\" fill=\"none\" stroke=\"#ffffff\"><g id=\"SVGRepo_bgCarrier\" stroke-width=\"0\"><\/g><g id=\"SVGRepo_tracerCarrier\" stroke-linecap=\"round\" stroke-linejoin=\"round\"><\/g><g id=\"SVGRepo_iconCarrier\"><path d=\"M14.5 9.5L9 15\" stroke=\"#323232\" stroke-width=\"2\" stroke-linecap=\"round\" stroke-linejoin=\"round\"><\/path><path d=\"M10 9H14.6717C14.853 9 15 9.14703 15 9.32837V14\" stroke=\"#323232\" stroke-width=\"2\" stroke-linecap=\"round\" stroke-linejoin=\"round\"><\/path><\/g><\/svg>\t\t\t\t\t<\/a>\r\n                <\/div>\r\n            <\/div>\r\n        <\/div>\r\n\t<\/div>\r\n\t\t\r\n\t<div class=\"col-lg-6 col-md-6 grid-item filter_wywoz-zlomu \">\r\n\t\t\r\n\t\t<div class=\"portfolio-item content-overlay yes\">\r\n\t\t\t<span>05 <\/span>\r\n\t\t\t                <div class=\"portfolio-img\">\r\n                \t<a href=\"https:\/\/fu-trans.pl\/?portfolios=flexible-freight-services\">\r\n\t\t\t\t\t\t<img loading=\"lazy\" decoding=\"async\" width=\"2300\" height=\"1529\" src=\"https:\/\/fu-trans.pl\/wp-content\/uploads\/2024\/12\/pexels-msv63-1089425.jpg\" class=\"attachment-full size-full\" alt=\"pexels-msv63-1089425\" srcset=\"https:\/\/fu-trans.pl\/wp-content\/uploads\/2024\/12\/pexels-msv63-1089425.jpg 2300w, https:\/\/fu-trans.pl\/wp-content\/uploads\/2024\/12\/pexels-msv63-1089425-300x199.jpg 300w, https:\/\/fu-trans.pl\/wp-content\/uploads\/2024\/12\/pexels-msv63-1089425-1024x681.jpg 1024w, https:\/\/fu-trans.pl\/wp-content\/uploads\/2024\/12\/pexels-msv63-1089425-768x511.jpg 768w, https:\/\/fu-trans.pl\/wp-content\/uploads\/2024\/12\/pexels-msv63-1089425-1536x1021.jpg 1536w, https:\/\/fu-trans.pl\/wp-content\/uploads\/2024\/12\/pexels-msv63-1089425-2048x1361.jpg 2048w\" sizes=\"(max-width: 2300px) 100vw, 2300px\" \/>\t\t\t\t\t<\/a>\r\n                <\/div>\r\n            \t\t\t            <div class=\"portfolio-content\">\r\n                <div class=\"portfolio-inner\">\r\n\t\t\t\t\t<p class=\"p-category\"> <a href=\"https:\/\/fu-trans.pl\/?portfolios-category=wywoz-zlomu\" rel=\"tag\">Wyw\u00f3z z\u0142omu<\/a><\/p>                \t                \t\t<h3 class=\"p-title\"><a href=\"https:\/\/fu-trans.pl\/?portfolios=flexible-freight-services\">Wyw\u00f3z z\u0142omu<\/a><\/h3>\r\n                \t                \t\r\n\t\t\t\t\t<a href=\"https:\/\/fu-trans.pl\/?portfolios=flexible-freight-services\" class=\"link7\">\r\n\t\t\t\t\t\twi\u0119cej\t\t\t\t\t\t<svg xmlns=\"http:\/\/www.w3.org\/2000\/svg\" width=\"64px\" height=\"64px\" viewBox=\"0 0 24 24\" fill=\"none\" stroke=\"#ffffff\"><g id=\"SVGRepo_bgCarrier\" stroke-width=\"0\"><\/g><g id=\"SVGRepo_tracerCarrier\" stroke-linecap=\"round\" stroke-linejoin=\"round\"><\/g><g id=\"SVGRepo_iconCarrier\"><path d=\"M14.5 9.5L9 15\" stroke=\"#323232\" stroke-width=\"2\" stroke-linecap=\"round\" stroke-linejoin=\"round\"><\/path><path d=\"M10 9H14.6717C14.853 9 15 9.14703 15 9.32837V14\" stroke=\"#323232\" stroke-width=\"2\" stroke-linecap=\"round\" stroke-linejoin=\"round\"><\/path><\/g><\/svg>\t\t\t\t\t<\/a>\r\n                <\/div>\r\n            <\/div>\r\n        <\/div>\r\n\t<\/div>\r\n\t\t\t\t<\/div>\n\t\t<\/div>\n\t\t\t\t\t\t\t<\/div>\n\t\t\t\t<\/div>\n\t\t\t\t\t<\/div>\n\t\t\t\t<\/div>\n\t\t\t\t<\/div>\n\t\t","protected":false},"excerpt":{"rendered":"<p>Us\u0142ugi 01 transport Transport do 3,5 tony wi\u0119cej 02 przeprowadzki Przeprowadzki wi\u0119cej 03 opr\u00f3\u017cnanie lokali Opr\u00f3\u017cnianie lokali wi\u0119cej 04 Usuwanie ekspozycji Usuwanie ekspozycji wi\u0119cej 05 Wyw\u00f3z z\u0142omu Wyw\u00f3z z\u0142omu wi\u0119cej<\/p>\n","protected":false},"author":1,"featured_media":0,"parent":0,"menu_order":0,"comment_status":"closed","ping_status":"closed","template":"elementor_header_footer","meta":{"footnotes":""},"class_list":["post-2939","page","type-page","status-publish","hentry"],"_links":{"self":[{"href":"https:\/\/fu-trans.pl\/index.php?rest_route=\/wp\/v2\/pages\/2939","targetHints":{"allow":["GET"]}}],"collection":[{"href":"https:\/\/fu-trans.pl\/index.php?rest_route=\/wp\/v2\/pages"}],"about":[{"href":"https:\/\/fu-trans.pl\/index.php?rest_route=\/wp\/v2\/types\/page"}],"author":[{"embeddable":true,"href":"https:\/\/fu-trans.pl\/index.php?rest_route=\/wp\/v2\/users\/1"}],"replies":[{"embeddable":true,"href":"https:\/\/fu-trans.pl\/index.php?rest_route=%2Fwp%2Fv2%2Fcomments&post=2939"}],"version-history":[{"count":17,"href":"https:\/\/fu-trans.pl\/index.php?rest_route=\/wp\/v2\/pages\/2939\/revisions"}],"predecessor-version":[{"id":10658,"href":"https:\/\/fu-trans.pl\/index.php?rest_route=\/wp\/v2\/pages\/2939\/revisions\/10658"}],"wp:attachment":[{"href":"https:\/\/fu-trans.pl\/index.php?rest_route=%2Fwp%2Fv2%2Fmedia&parent=2939"}],"curies":[{"name":"wp","href":"https:\/\/api.w.org\/{rel}","templated":true}]}}