{"id":87,"date":"2024-11-17T11:32:40","date_gmt":"2024-11-17T11:32:40","guid":{"rendered":"http:\/\/192.168.0.134:10017\/?page_id=87"},"modified":"2025-10-09T07:30:14","modified_gmt":"2025-10-09T05:30:14","slug":"about-us","status":"publish","type":"page","link":"https:\/\/fu-trans.pl\/?page_id=87","title":{"rendered":"O nas"},"content":{"rendered":"\t\t<div data-elementor-type=\"wp-page\" data-elementor-id=\"87\" class=\"elementor elementor-87\" data-elementor-post-type=\"page\">\n\t\t\t\t<div class=\"no-position  elementor-element elementor-element-911d756 e-con-full page-banner e-flex e-con e-parent\" data-id=\"911d756\" data-element_type=\"container\" data-settings=\"{&quot;background_background&quot;:&quot;classic&quot;}\">\n\t\t\t\t<div class=\"elementor-element elementor-element-1b6e73c gsap-move-no rs-tween_max_btn-no elementor-widget elementor-widget-page-title\" data-id=\"1b6e73c\" data-element_type=\"widget\" data-settings=\"{&quot;align&quot;:&quot;left&quot;}\" data-widget_type=\"page-title.default\">\n\t\t\t\t<div class=\"elementor-widget-container\">\n\t\t\t\t\t\t\t\n\t\t<div class=\"hfe-page-title hfe-page-title-wrapper elementor-widget-heading\">\n\t\t\t\n\t\t\t<h1 class=\"elementor-heading-title elementor-size\">\n\t\t\t\tO nas\t\t\t<\/h1 > \n\n\t\t\t\t\t\t\t\t<\/div>\n\t\t\t\t\t\t<\/div>\n\t\t\t\t<\/div>\n\t\t\t\t<div class=\"elementor-element elementor-element-5fa4c95 gsap-move-no rs-tween_max_btn-no elementor-widget elementor-widget-rs-breadcrumb\" data-id=\"5fa4c95\" data-element_type=\"widget\" data-widget_type=\"rs-breadcrumb.default\">\n\t\t\t\t<div class=\"elementor-widget-container\">\n\t\t\t\t\t                    <div class=\"breadcrumb-area style3\"> \n                <div class=\"breadcrumbs-inner\"> \n                    <!-- Breadcrumb NavXT 7.4.1 -->\n<span property=\"itemListElement\" typeof=\"ListItem\"><a property=\"item\" typeof=\"WebPage\" title=\"Przejd\u017a do fu-trans.pl.\" href=\"https:\/\/fu-trans.pl\" class=\"home\" ><span property=\"name\">fu-trans.pl<\/span><\/a><meta property=\"position\" content=\"1\"><\/span> &gt; <span property=\"itemListElement\" typeof=\"ListItem\"><a property=\"item\" typeof=\"WebPage\" title=\"Przejd\u017a do Blog.\" href=\"https:\/\/fu-trans.pl\/?page_id=23\" class=\"post-root post post-post\" aria-current=\"page\"><span property=\"name\">Blog<\/span><\/a><meta property=\"position\" content=\"2\"><\/span>                <\/div>\n            <\/div> \n          \n    \t\t\t\t<\/div>\n\t\t\t\t<\/div>\n\t\t\t\t<\/div>\n\t\t<div class=\"no-position  elementor-element elementor-element-f96068e e-flex e-con-boxed e-con e-parent\" data-id=\"f96068e\" data-element_type=\"container\" data-settings=\"{&quot;background_background&quot;:&quot;classic&quot;}\">\n\t\t\t\t\t<div class=\"e-con-inner\">\n\t\t<div class=\"no-position  elementor-element elementor-element-a204aa5 e-con-full e-flex e-con e-child\" data-id=\"a204aa5\" data-element_type=\"container\">\n\t\t\t\t<div class=\"elementor-element elementor-element-cc7ef12 elementor-widget__width-inherit e-transform gsap-move-no rs-tween_max_btn-no elementor-widget elementor-widget-rs-divider\" data-id=\"cc7ef12\" data-element_type=\"widget\" data-settings=\"{&quot;_transform_translateX_effect&quot;:{&quot;unit&quot;:&quot;px&quot;,&quot;size&quot;:0,&quot;sizes&quot;:[]},&quot;_transform_translateY_effect&quot;:{&quot;unit&quot;:&quot;px&quot;,&quot;size&quot;:55,&quot;sizes&quot;:[]},&quot;_transform_translateX_effect_laptop&quot;:{&quot;unit&quot;:&quot;px&quot;,&quot;size&quot;:&quot;&quot;,&quot;sizes&quot;:[]},&quot;_transform_translateX_effect_tablet&quot;:{&quot;unit&quot;:&quot;px&quot;,&quot;size&quot;:&quot;&quot;,&quot;sizes&quot;:[]},&quot;_transform_translateX_effect_mobile&quot;:{&quot;unit&quot;:&quot;px&quot;,&quot;size&quot;:&quot;&quot;,&quot;sizes&quot;:[]},&quot;_transform_translateY_effect_laptop&quot;:{&quot;unit&quot;:&quot;px&quot;,&quot;size&quot;:&quot;&quot;,&quot;sizes&quot;:[]},&quot;_transform_translateY_effect_tablet&quot;:{&quot;unit&quot;:&quot;px&quot;,&quot;size&quot;:&quot;&quot;,&quot;sizes&quot;:[]},&quot;_transform_translateY_effect_mobile&quot;:{&quot;unit&quot;:&quot;px&quot;,&quot;size&quot;:&quot;&quot;,&quot;sizes&quot;:[]}}\" data-widget_type=\"rs-divider.default\">\n\t\t\t\t<div class=\"elementor-widget-container\">\n\t\t\t\t\t\n\t\t<div class=\"rs-divider\"> <\/div>\n\n\t\t\t\t\t<\/div>\n\t\t\t\t<\/div>\n\t\t\t\t<\/div>\n\t\t<div class=\"no-position  elementor-element elementor-element-050288d e-con-full e-flex e-con e-child\" data-id=\"050288d\" data-element_type=\"container\">\n\t\t<div class=\"no-position  elementor-element elementor-element-42f1e71 e-con-full e-flex e-con e-child\" data-id=\"42f1e71\" data-element_type=\"container\">\n\t\t\t\t<div class=\"elementor-element elementor-element-4425240 gsap-move-no rs-tween_max_btn-no elementor-widget elementor-widget-rs-heading\" data-id=\"4425240\" data-element_type=\"widget\" data-widget_type=\"rs-heading.default\">\n\t\t\t\t<div class=\"elementor-widget-container\">\n\t\t\t\t\t\n\t\t<div class=\"prelements-heading default    animate-\">\n\t\t\t<div class=\"title-inner\">\n\t\t\t\t\t\t\t\t\t<span class=\"sub-text\">\n\t\t\t\t\t\tO nas\t\t\t\t\t<\/span>\n\t\t\t\t<h2 class=\"title rs-split-text-enable split-in-left\">FU-TRANS<\/h2>\n\t\t\t<\/div>\n\t\t\t\t\t\t\t<div class=\"description\">\n\t\t\t\t\t<p>FU-TRANS \u2013 Tw\u00f3j zaufany partner w transporcie i przeprowadzkach. \u015awiadczymy profesjonalne us\u0142ugi transportowe do 3,5 tony oraz kompleksowe przeprowadzki i opr\u00f3\u017cnianie lokali. Dzia\u0142amy na terenie \u015al\u0105ska, Krakowa, Cz\u0119stochowy, Kielc, Radomia. Nasz\u0105 misj\u0105 jest u\u0142atwienie Ci \u017cycia \u2013 szybko, sprawnie i w przyst\u0119pnej cenie.<\/p><p>Potrzebujesz pomocy przy przeprowadzce? Chcesz przewie\u017a\u0107 meble, sprz\u0119t AGD lub materia\u0142y budowlane? A mo\u017ce szukasz firmy, kt\u00f3ra opr\u00f3\u017cni lokal, usunie star\u0105 ekspozycj\u0119 sklepow\u0105 lub zajmie si\u0119 wywozem z\u0142omu?<\/p><p>FU-TRANS jest dla Ciebie najlepszym wyborem. Dzia\u0142amy punktualnie, dbamy o Twoje rzeczy i zawsze dostosowujemy si\u0119 do potrzeb klienta.<\/p>\t\t\t\t<\/div>\n\t\t\t\t\t<\/div>\n\t\t\t\t<\/div>\n\t\t\t\t<\/div>\n\t\t<div class=\"no-position  elementor-element elementor-element-376c6c6 e-con-full e-flex e-con e-child\" data-id=\"376c6c6\" data-element_type=\"container\">\n\t\t<div class=\"no-position  elementor-element elementor-element-f7960b0 e-con-full e-flex e-con e-child\" data-id=\"f7960b0\" data-element_type=\"container\" data-settings=\"{&quot;background_background&quot;:&quot;classic&quot;}\">\n\t\t<div class=\"no-position  elementor-element elementor-element-be3e3d5 e-con-full e-flex e-con e-child\" data-id=\"be3e3d5\" data-element_type=\"container\" data-settings=\"{&quot;background_background&quot;:&quot;classic&quot;}\">\n\t\t\t\t<div class=\"elementor-element elementor-element-86dee99 gsap-move-no rs-tween_max_btn-no elementor-widget elementor-widget-rs-service-grid\" data-id=\"86dee99\" data-element_type=\"widget\" data-widget_type=\"rs-service-grid.default\">\n\t\t\t\t<div class=\"elementor-widget-container\">\n\t\t\t\t\t\r\n\t\t<div class=\"rs-addon-services style11\">\r\n\t\t\t<div class=\"services-inner box\">\r\n            <div class=\"numbering\">\r\n            <span>01<\/span>\r\n        <\/div>\r\n                    <div class=\"media_wrap\">\r\n                                                            <div class=\"icon_style media-cmn normal\">\r\n                                                    <\/div>\r\n                                                                    <\/div>\r\n            <div class=\"content_part\">\r\n                    <div class=\"services-title\">\r\n                                    <h5 class=\"title\"> Transport do 3,5 tony<\/h5>\r\n                            <\/div>\r\n        \r\n                    <div class=\"desc-text\">\r\n                \u015awiadczymy us\u0142ugi transportowe do 3,5 tony na terenie \u015al\u0105ska, Krakowa, Cz\u0119stochowy, Kielc, Radomia. Przewozimy meble, sprz\u0119t AGD, materia\u0142y budowlane i inne \u0142adunki \u2013 szybko, bezpiecznie i w dobrej cenie.            <\/div>\r\n        \r\n        \r\n            <\/div>\r\n<\/div>\t\t<\/div>\r\n\r\n\t\t\t\t<\/div>\n\t\t\t\t<\/div>\n\t\t\t\t<div class=\"elementor-element elementor-element-78b97d6 gsap-move-no rs-tween_max_btn-no elementor-widget elementor-widget-rs-service-grid\" data-id=\"78b97d6\" data-element_type=\"widget\" data-widget_type=\"rs-service-grid.default\">\n\t\t\t\t<div class=\"elementor-widget-container\">\n\t\t\t\t\t\r\n\t\t<div class=\"rs-addon-services style11\">\r\n\t\t\t<div class=\"services-inner box\">\r\n            <div class=\"numbering\">\r\n            <span>02<\/span>\r\n        <\/div>\r\n                    <div class=\"media_wrap\">\r\n                                                            <div class=\"icon_style media-cmn normal\">\r\n                                                    <\/div>\r\n                                                                    <\/div>\r\n            <div class=\"content_part\">\r\n                    <div class=\"services-title\">\r\n                                    <h5 class=\"title\"> Przeprowadzki<\/h5>\r\n                            <\/div>\r\n        \r\n                    <div class=\"desc-text\">\r\n                Oferujemy kompleksowe przeprowadzki mieszka\u0144 i dom\u00f3w. Zajmujemy si\u0119 za\u0142adunkiem, przewozem oraz wniesieniem mebli i rzeczy pod nowy adres. Dzi\u0119ki nam przeprowadzka przebiega sprawnie i bez stresu.            <\/div>\r\n        \r\n        \r\n            <\/div>\r\n<\/div>\t\t<\/div>\r\n\r\n\t\t\t\t<\/div>\n\t\t\t\t<\/div>\n\t\t\t\t<div class=\"elementor-element elementor-element-83e4e94 gsap-move-no rs-tween_max_btn-no elementor-widget elementor-widget-rs-service-grid\" data-id=\"83e4e94\" data-element_type=\"widget\" data-widget_type=\"rs-service-grid.default\">\n\t\t\t\t<div class=\"elementor-widget-container\">\n\t\t\t\t\t\r\n\t\t<div class=\"rs-addon-services style11\">\r\n\t\t\t<div class=\"services-inner box\">\r\n            <div class=\"numbering\">\r\n            <span>03<\/span>\r\n        <\/div>\r\n                    <div class=\"media_wrap\">\r\n                                                            <div class=\"icon_style media-cmn normal\">\r\n                                                    <\/div>\r\n                                                                    <\/div>\r\n            <div class=\"content_part\">\r\n                    <div class=\"services-title\">\r\n                                    <h5 class=\"title\"> Opr\u00f3\u017cnianie lokali<\/h5>\r\n                            <\/div>\r\n        \r\n                    <div class=\"desc-text\">\r\n                Opr\u00f3\u017cniamy mieszkania, piwnice, strychy i lokale u\u017cytkowe. Zabieramy zb\u0119dne meble, sprz\u0119ty i odpady, pozostawiaj\u0105c lokal czysty i gotowy do u\u017cytku.            <\/div>\r\n        \r\n        \r\n            <\/div>\r\n<\/div>\t\t<\/div>\r\n\r\n\t\t\t\t<\/div>\n\t\t\t\t<\/div>\n\t\t\t\t<div class=\"elementor-element elementor-element-3723ebd gsap-move-no rs-tween_max_btn-no elementor-widget elementor-widget-rs-service-grid\" data-id=\"3723ebd\" data-element_type=\"widget\" data-widget_type=\"rs-service-grid.default\">\n\t\t\t\t<div class=\"elementor-widget-container\">\n\t\t\t\t\t\r\n\t\t<div class=\"rs-addon-services style11\">\r\n\t\t\t<div class=\"services-inner box\">\r\n            <div class=\"numbering\">\r\n            <span>04<\/span>\r\n        <\/div>\r\n                    <div class=\"media_wrap\">\r\n                                                            <div class=\"icon_style media-cmn normal\">\r\n                                                    <\/div>\r\n                                                                    <\/div>\r\n            <div class=\"content_part\">\r\n                    <div class=\"services-title\">\r\n                                    <h5 class=\"title\"> Usuwanie ekspozycji<\/h5>\r\n                            <\/div>\r\n        \r\n                    <div class=\"desc-text\">\r\n                Demontujemy i wywozimy ekspozycje sklepowe oraz wyposa\u017cenie punkt\u00f3w handlowych. Dzia\u0142amy szybko i profesjonalnie, niezale\u017cnie od wielko\u015bci zlecenia.            <\/div>\r\n        \r\n        \r\n            <\/div>\r\n<\/div>\t\t<\/div>\r\n\r\n\t\t\t\t<\/div>\n\t\t\t\t<\/div>\n\t\t\t\t<div class=\"elementor-element elementor-element-98a26b3 gsap-move-no rs-tween_max_btn-no elementor-widget elementor-widget-rs-service-grid\" data-id=\"98a26b3\" data-element_type=\"widget\" data-widget_type=\"rs-service-grid.default\">\n\t\t\t\t<div class=\"elementor-widget-container\">\n\t\t\t\t\t\r\n\t\t<div class=\"rs-addon-services style11\">\r\n\t\t\t<div class=\"services-inner box\">\r\n            <div class=\"numbering\">\r\n            <span>05<\/span>\r\n        <\/div>\r\n                    <div class=\"media_wrap\">\r\n                                                            <div class=\"icon_style media-cmn normal\">\r\n                                                    <\/div>\r\n                                                                    <\/div>\r\n            <div class=\"content_part\">\r\n                    <div class=\"services-title\">\r\n                                    <h5 class=\"title\"> Wyw\u00f3z z\u0142omu<\/h5>\r\n                            <\/div>\r\n        \r\n                    <div class=\"desc-text\">\r\n                Zajmujemy si\u0119 wywozem z\u0142omu i gabaryt\u00f3w. Oferujemy za\u0142adunek, transport i legaln\u0105 utylizacj\u0119, aby\u015b m\u00f3g\u0142 bezproblemowo pozby\u0107 si\u0119 niepotrzebnych rzeczy.            <\/div>\r\n        \r\n        \r\n            <\/div>\r\n<\/div>\t\t<\/div>\r\n\r\n\t\t\t\t<\/div>\n\t\t\t\t<\/div>\n\t\t\t\t<\/div>\n\t\t\t\t<\/div>\n\t\t\t\t<\/div>\n\t\t\t\t<\/div>\n\t\t<div class=\"no-position  elementor-element elementor-element-d08b58c e-con-full e-flex e-con e-child\" data-id=\"d08b58c\" data-element_type=\"container\">\n\t\t\t\t<div class=\"elementor-element elementor-element-5c66a17 gsap-move-no rs-tween_max_btn-no elementor-widget elementor-widget-rs-image\" data-id=\"5c66a17\" data-element_type=\"widget\" data-widget_type=\"rs-image.default\">\n\t\t\t\t<div class=\"elementor-widget-container\">\n\t\t\t\t\t\n        <div class=\"rs-image no ruler_image_no ruler_position_ scroll_reveal reveal_left\">\n                                                            <img decoding=\"async\" class=\"rs-multi-image  reverse- blend_unset\" src=\"https:\/\/fu-trans.pl\/wp-content\/uploads\/2025\/10\/PHOTO-2025-09-20-13-31-00_1.jpg\" alt=\"PHOTO-2025-09-20-13-31-00_1\"\/>\n                                                                        <\/div>   \n          \n    \t\t\t\t<\/div>\n\t\t\t\t<\/div>\n\t\t\t\t<\/div>\n\t\t\t\t<\/div>\n\t\t\t\t\t<\/div>\n\t\t\t\t<\/div>\n\t\t<div class=\"no-position  elementor-element elementor-element-c7b8520 e-flex e-con-boxed e-con e-parent\" data-id=\"c7b8520\" data-element_type=\"container\" data-settings=\"{&quot;background_background&quot;:&quot;classic&quot;}\">\n\t\t\t\t\t<div class=\"e-con-inner\">\n\t\t\t\t<div class=\"elementor-element elementor-element-1ea9b02 gsap-move-no rs-tween_max_btn-no elementor-widget elementor-widget-rs-heading\" data-id=\"1ea9b02\" data-element_type=\"widget\" data-widget_type=\"rs-heading.default\">\n\t\t\t\t<div class=\"elementor-widget-container\">\n\t\t\t\t\t\n\t\t<div class=\"prelements-heading default  center  animate-\">\n\t\t\t<div class=\"title-inner\">\n\t\t\t\t<h2 class=\"title rs-split-text-enable split-in-left\">Skontaktuj si\u0119 z nami<\/h2>\n\t\t\t<\/div>\n\t\t\t\t\t<\/div>\n\t\t\t\t<\/div>\n\t\t\t\t<\/div>\n\t\t\t\t<div class=\"elementor-element elementor-element-17b8339 gsap-move-no rs-tween_max_btn-no elementor-widget elementor-widget-rs-button\" data-id=\"17b8339\" data-element_type=\"widget\" data-widget_type=\"rs-button.default\">\n\t\t\t\t<div class=\"elementor-widget-container\">\n\t\t\t\t\t\t\t<div class=\"rs-button style2 unique-42753\">\r\n\r\n\t\t\t\r\n\t\t\t\t\t\t\t<a class=\"rs-btn icon-sty-yes\" href=\"https:\/\/fu-trans.pl\/?page_id=927\" >\r\n\t\t\t\t\t\t\t\t\t\t\t<span class=\"rs-icon\"><svg xmlns=\"http:\/\/www.w3.org\/2000\/svg\" viewBox=\"0 0 32 32\"><path d=\"M31,0H15V2H28.59L.29,30.29l1.41,1.41L30,3.41V16h2V1A1,1,0,0,0,31,0Z\"><\/path><\/svg><\/span>\r\n\t\t\t\t\t\t\t\t\t\t<span class=\"rs-btn-text\">Kontakt<\/span>\r\n\t\t\t\t\t\t\t\t\t\t\t<span class=\"rs-icon two\"><svg xmlns=\"http:\/\/www.w3.org\/2000\/svg\" viewBox=\"0 0 32 32\"><path d=\"M31,0H15V2H28.59L.29,30.29l1.41,1.41L30,3.41V16h2V1A1,1,0,0,0,31,0Z\"><\/path><\/svg><\/span>\r\n\t\t\t\t\t\t\t\t\t<\/a>\r\n\t\t\t\t\t<\/div>\r\n\t\t\t\t\t<\/div>\n\t\t\t\t<\/div>\n\t\t\t\t\t<\/div>\n\t\t\t\t<\/div>\n\t\t\t\t<\/div>\n\t\t","protected":false},"excerpt":{"rendered":"<p>O nas fu-trans.pl &gt; Blog O nas FU-TRANS FU-TRANS \u2013 Tw\u00f3j zaufany partner w transporcie i przeprowadzkach. \u015awiadczymy profesjonalne us\u0142ugi transportowe do 3,5 tony oraz kompleksowe przeprowadzki i opr\u00f3\u017cnianie lokali. Dzia\u0142amy na terenie \u015al\u0105ska, Krakowa, Cz\u0119stochowy, Kielc, Radomia. Nasz\u0105 misj\u0105 jest u\u0142atwienie Ci \u017cycia \u2013 szybko, sprawnie i w przyst\u0119pnej cenie. Potrzebujesz pomocy przy przeprowadzce?&#8230;<\/p>\n","protected":false},"author":1,"featured_media":0,"parent":0,"menu_order":0,"comment_status":"closed","ping_status":"closed","template":"elementor_header_footer","meta":{"footnotes":""},"class_list":["post-87","page","type-page","status-publish","hentry"],"_links":{"self":[{"href":"https:\/\/fu-trans.pl\/index.php?rest_route=\/wp\/v2\/pages\/87","targetHints":{"allow":["GET"]}}],"collection":[{"href":"https:\/\/fu-trans.pl\/index.php?rest_route=\/wp\/v2\/pages"}],"about":[{"href":"https:\/\/fu-trans.pl\/index.php?rest_route=\/wp\/v2\/types\/page"}],"author":[{"embeddable":true,"href":"https:\/\/fu-trans.pl\/index.php?rest_route=\/wp\/v2\/users\/1"}],"replies":[{"embeddable":true,"href":"https:\/\/fu-trans.pl\/index.php?rest_route=%2Fwp%2Fv2%2Fcomments&post=87"}],"version-history":[{"count":20,"href":"https:\/\/fu-trans.pl\/index.php?rest_route=\/wp\/v2\/pages\/87\/revisions"}],"predecessor-version":[{"id":10670,"href":"https:\/\/fu-trans.pl\/index.php?rest_route=\/wp\/v2\/pages\/87\/revisions\/10670"}],"wp:attachment":[{"href":"https:\/\/fu-trans.pl\/index.php?rest_route=%2Fwp%2Fv2%2Fmedia&parent=87"}],"curies":[{"name":"wp","href":"https:\/\/api.w.org\/{rel}","templated":true}]}}